{"id":1313,"date":"2024-02-26T14:32:01","date_gmt":"2024-02-26T13:32:01","guid":{"rendered":"https:\/\/vedas-endurance.fr\/?page_id=1313"},"modified":"2024-02-26T14:32:01","modified_gmt":"2024-02-26T13:32:01","slug":"9-lultra-un-reve-accessible-a-tous","status":"publish","type":"page","link":"https:\/\/vedas-endurance.fr\/index.php\/9-lultra-un-reve-accessible-a-tous\/","title":{"rendered":"9\/ L&rsquo;ultra, un r\u00eave accessible \u00e0 tous ?"},"content":{"rendered":"\n<p>L&rsquo;apanage de la course \u00e0 pied est d&rsquo;\u00eatre un des rares sports \u00e0 permettre \u00e0 ses simples amateurs de s&rsquo;aligner sur la ligne de d\u00e9part avec ses champions. C&rsquo;est pourquoi, sans aucun doute, les distances et les d\u00e9nivel\u00e9s feront aussi bien le bonheur des coureurs les plus aguerris, d\u00e9sireux de tester leurs limites, que des adeptes du sport loisir.<\/p>\n\n\n\n<p>En effet, chacun pourra vivre cette aventure \u00e0 son rythme, soit comme une course sous la pression du chronom\u00e8tre, soit comme une randonn\u00e9e sportive au cours de laquelle se succ\u00e8deront, en fonction de la forme du moment, jogging, marche active, pauses ravitaillement, le tout sous l&rsquo;aile protectrice de l&rsquo;Organisation.<\/p>\n\n\n\n<p>Naturellement, s&rsquo;engager pour 75, 100 km, ou plus, suppose que, outre le certificat d&rsquo;aptitude exig\u00e9 par le r\u00e8glement, on soit motiv\u00e9 par un certain go\u00fbt de l&rsquo;effort et le plaisir de vivre quelques heures en pleine nature pour relever un d\u00e9fi d&rsquo;abord contre soi-m\u00eame.<\/p>\n\n\n\n<p>Tout sportif amateur capable de tenir un jogging dominical d&rsquo;1h30, tout en maintenant une conversation avec ses coparticipants, ou de s&rsquo;\u00e9clater sur 3 ou 4h de VTT, est capable de se pr\u00e9parer et de se frotter \u00e0 ce type d&rsquo;\u00e9preuve,<\/p>\n\n\n\n<p>De plus, l&rsquo;Organisation garantit l&rsquo;assistance permanente des participants, naturellement sur le temps de course maximum pr\u00e9cis\u00e9 dans le r\u00e8glement. Cela signifie que l&rsquo;\u00e9preuve peut \u00eatre r\u00e9alis\u00e9e, pauses comprises, \u00e0 une moyenne horaire souvent inf\u00e9rieure \u00e0 5km\/h, ce qui est \u00e0 peine plus vite que la vitesse \u00e0 laquelle nous d\u00e9ambulons dans les rayons des supermarch\u00e9s &#8230;.<\/p>\n\n\n\n<p>Reste \u00e0 pr\u00e9voir un minimum de pr\u00e9paration pratique (que mettre dans le sac, comment s&rsquo;alimenter, comment pr\u00e9parer ses pieds&#8230;etc&nbsp;?) dont nous parlerons bri\u00e8vement dans de prochains articles.<\/p>\n\n\n\n<p>Il y a donc pour chacun, tous les ingr\u00e9dients pour vivre un brin d&rsquo;aventure, aller parfois au bout de soi-m\u00eame, mais il y a aussi la certitude de profiter de superbes paysages, et la promesse d&rsquo;un grand accomplissement personnel, voire d&rsquo;une aura ind\u00e9l\u00e9bile de retour au bureau le lundi&#8230;.<\/p>\n","protected":false},"excerpt":{"rendered":"<p>L&rsquo;apanage de la course \u00e0 pied est d&rsquo;\u00eatre un des rares sports \u00e0 permettre \u00e0 ses simples amateurs de s&rsquo;aligner sur la ligne de d\u00e9part avec ses champions. C&rsquo;est pourquoi, sans aucun doute, les distances et les d\u00e9nivel\u00e9s feront aussi bien le bonheur des coureurs les plus aguerris, d\u00e9sireux de tester leurs limites, que des&nbsp;&hellip;<\/p>\n","protected":false},"author":1,"featured_media":0,"parent":0,"menu_order":0,"comment_status":"closed","ping_status":"closed","template":"","meta":{"footnotes":""},"class_list":["post-1313","page","type-page","status-publish","hentry"],"_links":{"self":[{"href":"https:\/\/vedas-endurance.fr\/index.php\/wp-json\/wp\/v2\/pages\/1313","targetHints":{"allow":["GET"]}}],"collection":[{"href":"https:\/\/vedas-endurance.fr\/index.php\/wp-json\/wp\/v2\/pages"}],"about":[{"href":"https:\/\/vedas-endurance.fr\/index.php\/wp-json\/wp\/v2\/types\/page"}],"author":[{"embeddable":true,"href":"https:\/\/vedas-endurance.fr\/index.php\/wp-json\/wp\/v2\/users\/1"}],"replies":[{"embeddable":true,"href":"https:\/\/vedas-endurance.fr\/index.php\/wp-json\/wp\/v2\/comments?post=1313"}],"version-history":[{"count":1,"href":"https:\/\/vedas-endurance.fr\/index.php\/wp-json\/wp\/v2\/pages\/1313\/revisions"}],"predecessor-version":[{"id":1314,"href":"https:\/\/vedas-endurance.fr\/index.php\/wp-json\/wp\/v2\/pages\/1313\/revisions\/1314"}],"wp:attachment":[{"href":"https:\/\/vedas-endurance.fr\/index.php\/wp-json\/wp\/v2\/media?parent=1313"}],"curies":[{"name":"wp","href":"https:\/\/api.w.org\/{rel}","templated":true}]}}