{"id":242,"date":"2022-09-02T20:45:05","date_gmt":"2022-09-02T18:45:05","guid":{"rendered":"https:\/\/vedas-endurance.fr\/?page_id=242"},"modified":"2022-09-02T21:03:38","modified_gmt":"2022-09-02T19:03:38","slug":"les-entrainements","status":"publish","type":"page","link":"https:\/\/vedas-endurance.fr\/index.php\/les-entrainements\/","title":{"rendered":"Les Entrainements"},"content":{"rendered":"\n<p>Pour plus d\u2019efficacit\u00e9, les diff\u00e9rents entra\u00eenements du mardi, jeudi et samedi sont structur\u00e9s en groupes de niveau (volumes de travail et des vitesses d\u2019ex\u00e9cution diff\u00e9rents). Il existe 5 groupes de niveau, chacun trouvera donc un groupe lui correspondant, le choix du groupe est libre et non impos\u00e9.<\/p>\n\n\n\n<figure class=\"wp-block-image size-large\"><img loading=\"lazy\" decoding=\"async\" width=\"1024\" height=\"768\" src=\"https:\/\/vedas-endurance.fr\/wp-content\/uploads\/2022\/08\/IMG_6801-1024x768.jpg\" alt=\"\" class=\"wp-image-154\" srcset=\"https:\/\/vedas-endurance.fr\/wp-content\/uploads\/2022\/08\/IMG_6801-1024x768.jpg 1024w, https:\/\/vedas-endurance.fr\/wp-content\/uploads\/2022\/08\/IMG_6801-300x225.jpg 300w, https:\/\/vedas-endurance.fr\/wp-content\/uploads\/2022\/08\/IMG_6801-768x576.jpg 768w, https:\/\/vedas-endurance.fr\/wp-content\/uploads\/2022\/08\/IMG_6801-1536x1152.jpg 1536w, https:\/\/vedas-endurance.fr\/wp-content\/uploads\/2022\/08\/IMG_6801-1232x924.jpg 1232w, https:\/\/vedas-endurance.fr\/wp-content\/uploads\/2022\/08\/IMG_6801-1440x1080.jpg 1440w, https:\/\/vedas-endurance.fr\/wp-content\/uploads\/2022\/08\/IMG_6801.jpg 2048w\" sizes=\"auto, (max-width: 1024px) 100vw, 1024px\" \/><\/figure>\n\n\n\n<p><strong>V\u00c9DAS ENDURANCE<\/strong> a class\u00e9 ses entra\u00eenements en trois cat\u00e9gories :<\/p>\n\n\n\n<p>&#8211; <strong>Footing Allure Libre :<\/strong>&nbsp;Sorties libres en endurance dans les rues de Saint Jean de V\u00e9das et dans la nature environnante (garrigue, vignes, routes et chemins). Les sorties sont accompagn\u00e9es par des entra\u00eeneurs qui ma\u00eetrisent ce type d\u2019effort.<\/p>\n\n\n\n<p>&#8211; <strong>Travail Sp\u00e9cifique :<\/strong>&nbsp;Pr\u00e9paration sp\u00e9cifique \u00e0 la course \u00e0 pied dans les rues de Saint Jean de V\u00e9das et dans la nature environnante (garrigue, vignes, routes et chemins). Ces sorties sont encadr\u00e9es par des entra\u00eeneurs .<\/p>\n\n\n\n<p>&#8211; <strong>VMA:<\/strong>&nbsp;Entra\u00eenement sur piste d&rsquo;athl\u00e9tisme de Fabr\u00e8gues le samedi matin (fractionn\u00e9s, tests V.M.A., travail de r\u00e9sistance, exercices d\u2019\u00e9tirements et de gainage) \u00e9galement encadr\u00e9s par un entra\u00eeneur.<\/p>\n\n\n\n<figure class=\"wp-block-table is-style-stripes\"><table><tbody><tr><td class=\"has-text-align-center\" data-align=\"center\"><strong>Jours<\/strong><\/td><td class=\"has-text-align-center\" data-align=\"center\"><strong>Horaires<\/strong><\/td><td class=\"has-text-align-center\" data-align=\"center\"><strong>Entra\u00eenements<\/strong><\/td><td class=\"has-text-align-center\" data-align=\"center\"><strong>Lieux de regroupement<\/strong><\/td><\/tr><tr><td class=\"has-text-align-center\" data-align=\"center\">Mardi<\/td><td class=\"has-text-align-center\" data-align=\"center\">19h &#8211; 20h<\/td><td class=\"has-text-align-center\" data-align=\"center\">Travail sp\u00e9cifique \/ Footing<\/td><td class=\"has-text-align-center\" data-align=\"center\">Coll\u00e8ge&nbsp; Louis Germain<\/td><\/tr><tr><td class=\"has-text-align-center\" data-align=\"center\">Jeudi<\/td><td class=\"has-text-align-center\" data-align=\"center\">19h -20h<\/td><td class=\"has-text-align-center\" data-align=\"center\">Travail sp\u00e9cifique \/ Footing<\/td><td class=\"has-text-align-center\" data-align=\"center\">Coll\u00e8ge&nbsp; Louis Germain<\/td><\/tr><tr><td class=\"has-text-align-center\" data-align=\"center\">Samedi<\/td><td class=\"has-text-align-center\" data-align=\"center\">9h &#8211; 10h<\/td><td class=\"has-text-align-center\" data-align=\"center\">VMA<\/td><td class=\"has-text-align-center\" data-align=\"center\">Piste de Fabr\u00e8gues<\/td><\/tr><tr><td class=\"has-text-align-center\" data-align=\"center\">Samedi \/ Dimanche<\/td><td class=\"has-text-align-center\" data-align=\"center\">Libre<\/td><td class=\"has-text-align-center\" data-align=\"center\">Sortie Longue \/ Footing<\/td><td class=\"has-text-align-center\" data-align=\"center\">En concertation<\/td><\/tr><\/tbody><\/table><\/figure>\n","protected":false},"excerpt":{"rendered":"<p>Pour plus d\u2019efficacit\u00e9, les diff\u00e9rents entra\u00eenements du mardi, jeudi et samedi sont structur\u00e9s en groupes de niveau (volumes de travail et des vitesses d\u2019ex\u00e9cution diff\u00e9rents). Il existe 5 groupes de niveau, chacun trouvera donc un groupe lui correspondant, le choix du groupe est libre et non impos\u00e9. V\u00c9DAS ENDURANCE a class\u00e9 ses entra\u00eenements en trois&nbsp;&hellip;<\/p>\n","protected":false},"author":1,"featured_media":0,"parent":0,"menu_order":3,"comment_status":"closed","ping_status":"closed","template":"","meta":{"footnotes":""},"class_list":["post-242","page","type-page","status-publish","hentry"],"_links":{"self":[{"href":"https:\/\/vedas-endurance.fr\/index.php\/wp-json\/wp\/v2\/pages\/242","targetHints":{"allow":["GET"]}}],"collection":[{"href":"https:\/\/vedas-endurance.fr\/index.php\/wp-json\/wp\/v2\/pages"}],"about":[{"href":"https:\/\/vedas-endurance.fr\/index.php\/wp-json\/wp\/v2\/types\/page"}],"author":[{"embeddable":true,"href":"https:\/\/vedas-endurance.fr\/index.php\/wp-json\/wp\/v2\/users\/1"}],"replies":[{"embeddable":true,"href":"https:\/\/vedas-endurance.fr\/index.php\/wp-json\/wp\/v2\/comments?post=242"}],"version-history":[{"count":3,"href":"https:\/\/vedas-endurance.fr\/index.php\/wp-json\/wp\/v2\/pages\/242\/revisions"}],"predecessor-version":[{"id":245,"href":"https:\/\/vedas-endurance.fr\/index.php\/wp-json\/wp\/v2\/pages\/242\/revisions\/245"}],"wp:attachment":[{"href":"https:\/\/vedas-endurance.fr\/index.php\/wp-json\/wp\/v2\/media?parent=242"}],"curies":[{"name":"wp","href":"https:\/\/api.w.org\/{rel}","templated":true}]}}