{"id":60,"date":"2022-08-08T19:12:27","date_gmt":"2022-08-08T17:12:27","guid":{"rendered":"https:\/\/vedas-endurance.fr\/?page_id=60"},"modified":"2026-04-03T14:13:20","modified_gmt":"2026-04-03T12:13:20","slug":"partenaires","status":"publish","type":"page","link":"https:\/\/vedas-endurance.fr\/index.php\/partenaires\/","title":{"rendered":"Nos partenaires"},"content":{"rendered":"\n<p>Ils nous accompagnent cette saison et gr\u00e2ce \u00e0 eux nous pouvons vivre et faire vivre notre passion du sport. Nous les remercions tous pour leur confiance et leur fid\u00e9lit\u00e9.<\/p>\n\n\n\n<p class=\"has-text-align-center\"><br><mark style=\"background-color:rgba(0, 0, 0, 0)\" class=\"has-inline-color has-vivid-green-cyan-color\"><strong>Pour mieux les conna\u00eetre, cliquez sur le logo<\/strong><\/mark><\/p>\n\n\n\n<details class=\"wp-block-details is-layout-flow wp-block-details-is-layout-flow\"><summary><\/summary>\n<figure class=\"wp-block-table aligncenter is-style-stripes\"><table><tbody><tr><td class=\"has-text-align-center\" data-align=\"center\"><a href=\"https:\/\/www.catea.fr\/\" data-type=\"link\" data-id=\"https:\/\/www.catea.fr\/\"><img loading=\"lazy\" decoding=\"async\" width=\"100\" height=\"100\" class=\"wp-image-402\" style=\"width: 100px;\" src=\"https:\/\/vedas-endurance.fr\/wp-content\/uploads\/2022\/11\/Logo_catea_425.jpg\" alt=\"\" srcset=\"https:\/\/vedas-endurance.fr\/wp-content\/uploads\/2022\/11\/Logo_catea_425.jpg 425w, https:\/\/vedas-endurance.fr\/wp-content\/uploads\/2022\/11\/Logo_catea_425-300x300.jpg 300w, https:\/\/vedas-endurance.fr\/wp-content\/uploads\/2022\/11\/Logo_catea_425-150x150.jpg 150w\" sizes=\"auto, (max-width: 100px) 100vw, 100px\" \/><\/a><\/td><td><a href=\"https:\/\/www.supcaro-montpellier.fr\/\"><img loading=\"lazy\" decoding=\"async\" width=\"150\" height=\"80\" class=\"wp-image-1298\" style=\"width: 150px;\" src=\"https:\/\/vedas-endurance.fr\/wp-content\/uploads\/2024\/02\/supcaro.png\" alt=\"test\" srcset=\"https:\/\/vedas-endurance.fr\/wp-content\/uploads\/2024\/02\/supcaro.png 308w, https:\/\/vedas-endurance.fr\/wp-content\/uploads\/2024\/02\/supcaro-300x160.png 300w\" sizes=\"auto, (max-width: 150px) 100vw, 150px\" \/><\/a><\/td><td class=\"has-text-align-center\" data-align=\"center\"><a href=\"https:\/\/www.groupe-grim.com\/\" data-type=\"link\" data-id=\"https:\/\/www.groupe-grim.com\/\"><img loading=\"lazy\" decoding=\"async\" width=\"200\" height=\"80\" class=\"wp-image-199\" style=\"width: 200px;\" src=\"https:\/\/vedas-endurance.fr\/wp-content\/uploads\/2022\/09\/grim.jpg\" alt=\"\" srcset=\"https:\/\/vedas-endurance.fr\/wp-content\/uploads\/2022\/09\/grim.jpg 355w, https:\/\/vedas-endurance.fr\/wp-content\/uploads\/2022\/09\/grim-300x120.jpg 300w\" sizes=\"auto, (max-width: 200px) 100vw, 200px\" \/><\/a><\/td><td class=\"has-text-align-center\" data-align=\"center\"><a href=\"https:\/\/www.arnalbazillebox.com\/\"><img loading=\"lazy\" decoding=\"async\" width=\"123\" height=\"131\" class=\"wp-image-2121\" style=\"width: 123px;\" src=\"https:\/\/vedas-endurance.fr\/wp-content\/uploads\/2024\/11\/arnal.jpg\" alt=\"\"><\/a><\/td><td class=\"has-text-align-center\" data-align=\"center\"><img loading=\"lazy\" decoding=\"async\" width=\"150\" height=\"98\" class=\"wp-image-1295\" style=\"width: 150px;\" src=\"https:\/\/vedas-endurance.fr\/wp-content\/uploads\/2024\/02\/medium-res-1.png\" alt=\"\" srcset=\"https:\/\/vedas-endurance.fr\/wp-content\/uploads\/2024\/02\/medium-res-1.png 1000w, https:\/\/vedas-endurance.fr\/wp-content\/uploads\/2024\/02\/medium-res-1-300x197.png 300w, https:\/\/vedas-endurance.fr\/wp-content\/uploads\/2024\/02\/medium-res-1-768x504.png 768w\" sizes=\"auto, (max-width: 150px) 100vw, 150px\" \/><\/td><td class=\"has-text-align-center\" data-align=\"center\"><\/td><\/tr><tr><td class=\"has-text-align-center\" data-align=\"center\"><a href=\"https:\/\/les-terres-oubliees.eatbu.com\/?lang=fr\"><img loading=\"lazy\" decoding=\"async\" width=\"209\" height=\"129\" src=\"https:\/\/vedas-endurance.fr\/wp-content\/uploads\/2026\/01\/logo-restaurant-1-300x185.jpg\" alt=\"\"><\/a><\/td><td><a href=\"https:\/\/www.paieconseilssolution.fr\/\"><img loading=\"lazy\" decoding=\"async\" width=\"285\" height=\"59\" src=\"https:\/\/vedas-endurance.fr\/wp-content\/uploads\/2026\/01\/PCS-logo-Fond-Clair-S-2-300x62.jpg\" alt=\"\"><\/a><\/td><td class=\"has-text-align-center\" data-align=\"center\"><a href=\"https:\/\/maisonconcept34.fr\/\" data-type=\"link\" data-id=\"https:\/\/maisonconcept34.fr\/\"><img loading=\"lazy\" decoding=\"async\" width=\"150\" height=\"41\" class=\"wp-image-197\" style=\"width: 150px;\" src=\"https:\/\/vedas-endurance.fr\/wp-content\/uploads\/2022\/09\/maisonconcept.png\" alt=\"\"><\/a><\/td><td class=\"has-text-align-center\" data-align=\"center\"><a href=\"https:\/\/lv-promotion-immobiliere.fr\/\" data-type=\"link\" data-id=\"https:\/\/lv-promotion-immobiliere.fr\/\"><img loading=\"lazy\" decoding=\"async\" width=\"150\" height=\"76\" class=\"wp-image-1297\" style=\"width: 150px;\" src=\"https:\/\/vedas-endurance.fr\/wp-content\/uploads\/2024\/02\/lvpromotion.png\" alt=\"\"><\/a><\/td><td class=\"has-text-align-center\" data-align=\"center\"><a href=\"https:\/\/www.facebook.com\/beyssacsarl\/\" data-type=\"link\" data-id=\"https:\/\/www.facebook.com\/beyssacsarl\/\"><img decoding=\"async\" src=\"https:\/\/vedas-endurance.fr\/wp-content\/uploads\/2022\/09\/Beyssac.jpg\" alt=\"\"><\/a><\/td><td class=\"has-text-align-center\" data-align=\"center\"><\/td><\/tr><tr><td class=\"has-text-align-center\" data-align=\"center\"><a href=\"https:\/\/www.coursesu.com\/drive-uexpress-saintjeandevedas?msclkid=8129e81db70e19b52e238f4b19a96e31#utm_medium=cpc&amp;utm_source=bing&amp;utm_campaign=EnseignesVille&amp;utm_content=Enseignes%20%2B%20ville_90544_saint%20jean%20de%20vedas_DL&amp;utm_term=Super%20U%20saint%20jean%20de%20vedas&amp;s_kwcid=AL!7209!3!!e!!o!!Super%20U%20saint%20jean%20de%20vedas\" data-type=\"link\" data-id=\"https:\/\/www.coursesu.com\/drive-uexpress-saintjeandevedas?msclkid=8129e81db70e19b52e238f4b19a96e31#utm_medium=cpc&amp;utm_source=bing&amp;utm_campaign=EnseignesVille&amp;utm_content=Enseignes%20%2B%20ville_90544_saint%20jean%20de%20vedas_DL&amp;utm_term=Super%20U%20saint%20jean%20de%20vedas&amp;s_kwcid=AL!7209!3!!e!!o!!Super%20U%20saint%20jean%20de%20vedas\"><img loading=\"lazy\" decoding=\"async\" width=\"150\" height=\"133\" class=\"wp-image-549\" style=\"width: 150px;\" src=\"https:\/\/vedas-endurance.fr\/wp-content\/uploads\/2023\/04\/uexpress.jpg\" alt=\"\" srcset=\"https:\/\/vedas-endurance.fr\/wp-content\/uploads\/2023\/04\/uexpress.jpg 474w, https:\/\/vedas-endurance.fr\/wp-content\/uploads\/2023\/04\/uexpress-300x266.jpg 300w\" sizes=\"auto, (max-width: 150px) 100vw, 150px\" \/><\/a><\/td><td><br><a href=\"https:\/\/www.facebook.com\/lesdeuxberets\/\" data-type=\"link\" data-id=\"https:\/\/www.facebook.com\/lesdeuxberets\/\"><img loading=\"lazy\" decoding=\"async\" width=\"150\" height=\"150\" class=\"wp-image-206\" style=\"width: 150px;\" src=\"https:\/\/vedas-endurance.fr\/wp-content\/uploads\/2022\/09\/2berets.png\" alt=\"\" srcset=\"https:\/\/vedas-endurance.fr\/wp-content\/uploads\/2022\/09\/2berets.png 225w, https:\/\/vedas-endurance.fr\/wp-content\/uploads\/2022\/09\/2berets-150x150.png 150w\" sizes=\"auto, (max-width: 150px) 100vw, 150px\" \/><\/a><\/td><td class=\"has-text-align-center\" data-align=\"center\"><a href=\"https:\/\/www.carrefour.fr\/magasin\/saint-jean-de-vedas\" data-type=\"link\" data-id=\"https:\/\/www.carrefour.fr\/magasin\/saint-jean-de-vedas\"><img loading=\"lazy\" decoding=\"async\" width=\"147\" height=\"101\" class=\"wp-image-203\" style=\"width: 147px;\" src=\"https:\/\/vedas-endurance.fr\/wp-content\/uploads\/2022\/09\/carrefour.jpg\" alt=\"\"><\/a><\/td><td class=\"has-text-align-center\" data-align=\"center\"><a href=\"https:\/\/boulangeries.marieblachere.com\/fr\/france-FR\/6303\/marie-blachere-st-jean-de-vedas\/details\" data-type=\"link\" data-id=\"https:\/\/boulangeries.marieblachere.com\/fr\/france-FR\/6303\/marie-blachere-st-jean-de-vedas\/details\"><img loading=\"lazy\" decoding=\"async\" width=\"150\" height=\"149\" class=\"wp-image-204\" style=\"width: 150px;\" src=\"https:\/\/vedas-endurance.fr\/wp-content\/uploads\/2022\/09\/marieblachere.png\" alt=\"\" srcset=\"https:\/\/vedas-endurance.fr\/wp-content\/uploads\/2022\/09\/marieblachere.png 225w, https:\/\/vedas-endurance.fr\/wp-content\/uploads\/2022\/09\/marieblachere-150x150.png 150w\" sizes=\"auto, (max-width: 150px) 100vw, 150px\" \/><\/a><\/td><td class=\"has-text-align-center\" data-align=\"center\"><br><br><br><br><br><br><br><\/td><td class=\"has-text-align-center\" data-align=\"center\"><\/td><\/tr><tr><td class=\"has-text-align-center\" data-align=\"center\"><\/td><td><\/td><td class=\"has-text-align-center\" data-align=\"center\"><\/td><td class=\"has-text-align-center\" data-align=\"center\"><\/td><td class=\"has-text-align-center\" data-align=\"center\"><\/td><td class=\"has-text-align-center\" data-align=\"center\"><\/td><\/tr><\/tbody><\/table><\/figure>\n<\/details>\n\n\n\n<figure class=\"wp-block-gallery has-nested-images columns-default is-cropped wp-block-gallery-1 is-layout-flex wp-block-gallery-is-layout-flex\"><\/figure>\n\n\n<p><a href=\"https:\/\/www.catea.fr\/\" data-type=\"link\" data-id=\"https:\/\/www.catea.fr\/\"><img loading=\"lazy\" decoding=\"async\" class=\"wp-image-402\" src=\"https:\/\/vedas-endurance.fr\/wp-content\/uploads\/2022\/11\/Logo_catea_425.jpg\" alt=\"\" width=\"141\" height=\"141\" srcset=\"https:\/\/vedas-endurance.fr\/wp-content\/uploads\/2022\/11\/Logo_catea_425.jpg 425w, https:\/\/vedas-endurance.fr\/wp-content\/uploads\/2022\/11\/Logo_catea_425-300x300.jpg 300w, https:\/\/vedas-endurance.fr\/wp-content\/uploads\/2022\/11\/Logo_catea_425-150x150.jpg 150w\" sizes=\"auto, (max-width: 141px) 100vw, 141px\" \/>\u00a0 <\/a>\u00a0 \u00a0<a href=\"https:\/\/www.supcaro-montpellier.fr\/\"><img loading=\"lazy\" decoding=\"async\" class=\"wp-image-1298\" src=\"https:\/\/vedas-endurance.fr\/wp-content\/uploads\/2024\/02\/supcaro.png\" alt=\"test\" width=\"227\" height=\"121\" srcset=\"https:\/\/vedas-endurance.fr\/wp-content\/uploads\/2024\/02\/supcaro.png 308w, https:\/\/vedas-endurance.fr\/wp-content\/uploads\/2024\/02\/supcaro-300x160.png 300w\" sizes=\"auto, (max-width: 227px) 100vw, 227px\" \/> \u00a0<\/a><a href=\"https:\/\/www.groupe-grim.com\/\" data-type=\"link\" data-id=\"https:\/\/www.groupe-grim.com\/\"><img loading=\"lazy\" decoding=\"async\" class=\"wp-image-199\" src=\"https:\/\/vedas-endurance.fr\/wp-content\/uploads\/2022\/09\/grim.jpg\" alt=\"\" width=\"173\" height=\"69\" srcset=\"https:\/\/vedas-endurance.fr\/wp-content\/uploads\/2022\/09\/grim.jpg 355w, https:\/\/vedas-endurance.fr\/wp-content\/uploads\/2022\/09\/grim-300x120.jpg 300w\" sizes=\"auto, (max-width: 173px) 100vw, 173px\" \/> \u00a0 \u00a0<\/a><a href=\"https:\/\/www.arnalbazillebox.com\/\"><img loading=\"lazy\" decoding=\"async\" class=\"wp-image-2121\" src=\"https:\/\/vedas-endurance.fr\/wp-content\/uploads\/2024\/11\/arnal.jpg\" alt=\"\" width=\"121\" height=\"129\" \/><\/a><\/p>\n<p><img loading=\"lazy\" decoding=\"async\" class=\"wp-image-1295\" src=\"https:\/\/vedas-endurance.fr\/wp-content\/uploads\/2024\/02\/medium-res-1.png\" alt=\"\" width=\"182\" height=\"119\" srcset=\"https:\/\/vedas-endurance.fr\/wp-content\/uploads\/2024\/02\/medium-res-1.png 1000w, https:\/\/vedas-endurance.fr\/wp-content\/uploads\/2024\/02\/medium-res-1-300x197.png 300w, https:\/\/vedas-endurance.fr\/wp-content\/uploads\/2024\/02\/medium-res-1-768x504.png 768w\" sizes=\"auto, (max-width: 182px) 100vw, 182px\" \/>\u00a0 <a href=\"https:\/\/lv-promotion-immobiliere.fr\/\" data-type=\"link\" data-id=\"https:\/\/lv-promotion-immobiliere.fr\/\"><img loading=\"lazy\" decoding=\"async\" class=\"wp-image-1297\" src=\"https:\/\/vedas-endurance.fr\/wp-content\/uploads\/2024\/02\/lvpromotion.png\" alt=\"\" width=\"205\" height=\"104\" \/><\/a><a href=\"https:\/\/maisonconcept34.fr\/\" data-type=\"link\" data-id=\"https:\/\/maisonconcept34.fr\/\"><img loading=\"lazy\" decoding=\"async\" width=\"182\" height=\"50\" class=\"wp-image-197\" src=\"https:\/\/vedas-endurance.fr\/wp-content\/uploads\/2022\/09\/maisonconcept.png\" alt=\"\" \/><\/a><a href=\"https:\/\/lv-promotion-immobiliere.fr\/\" data-type=\"link\" data-id=\"https:\/\/lv-promotion-immobiliere.fr\/\"> \u00a0\u00a0 <\/a><a href=\"https:\/\/www.facebook.com\/share\/1X67J2fnTm\/\" data-type=\"link\" data-id=\"https:\/\/www.facebook.com\/beyssacsarl\/\"><img loading=\"lazy\" decoding=\"async\" class=\"alignnone\" src=\"https:\/\/vedas-endurance.fr\/wp-content\/uploads\/2022\/09\/Beyssac.jpg\" alt=\"\" width=\"116\" height=\"117\" \/><\/a><\/p>\n<p><a href=\"https:\/\/www.coursesu.com\/drive-uexpress-saintjeandevedas?msclkid=8129e81db70e19b52e238f4b19a96e31#utm_medium=cpc&amp;utm_source=bing&amp;utm_campaign=EnseignesVille&amp;utm_content=Enseignes%20%2B%20ville_90544_saint%20jean%20de%20vedas_DL&amp;utm_term=Super%20U%20saint%20jean%20de%20vedas&amp;s_kwcid=AL!7209!3!!e!!o!!Super%20U%20saint%20jean%20de%20vedas\" data-type=\"link\" data-id=\"https:\/\/www.coursesu.com\/drive-uexpress-saintjeandevedas?msclkid=8129e81db70e19b52e238f4b19a96e31#utm_medium=cpc&amp;utm_source=bing&amp;utm_campaign=EnseignesVille&amp;utm_content=Enseignes%20%2B%20ville_90544_saint%20jean%20de%20vedas_DL&amp;utm_term=Super%20U%20saint%20jean%20de%20vedas&amp;s_kwcid=AL!7209!3!!e!!o!!Super%20U%20saint%20jean%20de%20vedas\"><img loading=\"lazy\" decoding=\"async\" class=\"wp-image-549\" src=\"https:\/\/vedas-endurance.fr\/wp-content\/uploads\/2023\/04\/uexpress.jpg\" alt=\"\" width=\"134\" height=\"119\" srcset=\"https:\/\/vedas-endurance.fr\/wp-content\/uploads\/2023\/04\/uexpress.jpg 474w, https:\/\/vedas-endurance.fr\/wp-content\/uploads\/2023\/04\/uexpress-300x266.jpg 300w\" sizes=\"auto, (max-width: 134px) 100vw, 134px\" \/>\u00a0 \u00a0 \u00a0 \u00a0 <\/a><a href=\"https:\/\/www.facebook.com\/lesdeuxberets\/\" data-type=\"link\" data-id=\"https:\/\/www.facebook.com\/lesdeuxberets\/\"><img loading=\"lazy\" decoding=\"async\" class=\"wp-image-206\" src=\"https:\/\/vedas-endurance.fr\/wp-content\/uploads\/2022\/09\/2berets.png\" alt=\"\" width=\"174\" height=\"174\" srcset=\"https:\/\/vedas-endurance.fr\/wp-content\/uploads\/2022\/09\/2berets.png 225w, https:\/\/vedas-endurance.fr\/wp-content\/uploads\/2022\/09\/2berets-150x150.png 150w\" sizes=\"auto, (max-width: 174px) 100vw, 174px\" \/>\u00a0 \u00a0 \u00a0 <\/a><a href=\"https:\/\/boulangeries.marieblachere.com\/fr\/france-FR\/6303\/marie-blachere-st-jean-de-vedas\/details\" data-type=\"link\" data-id=\"https:\/\/boulangeries.marieblachere.com\/fr\/france-FR\/6303\/marie-blachere-st-jean-de-vedas\/details\"><img loading=\"lazy\" decoding=\"async\" class=\"wp-image-204\" src=\"https:\/\/vedas-endurance.fr\/wp-content\/uploads\/2022\/09\/marieblachere.png\" alt=\"\" width=\"172\" height=\"171\" srcset=\"https:\/\/vedas-endurance.fr\/wp-content\/uploads\/2022\/09\/marieblachere.png 225w, https:\/\/vedas-endurance.fr\/wp-content\/uploads\/2022\/09\/marieblachere-150x150.png 150w\" sizes=\"auto, (max-width: 172px) 100vw, 172px\" \/><\/a><a href=\"https:\/\/les-terres-oubliees.eatbu.com\/?lang=fr\"><img loading=\"lazy\" decoding=\"async\" class=\"alignnone  wp-image-3242\" src=\"https:\/\/vedas-endurance.fr\/wp-content\/uploads\/2026\/01\/logo-restaurant-1-300x185.jpg\" alt=\"\" width=\"209\" height=\"129\" srcset=\"https:\/\/vedas-endurance.fr\/wp-content\/uploads\/2026\/01\/logo-restaurant-1-300x185.jpg 300w, https:\/\/vedas-endurance.fr\/wp-content\/uploads\/2026\/01\/logo-restaurant-1.jpg 608w\" sizes=\"auto, (max-width: 209px) 100vw, 209px\" \/><\/a><a href=\"https:\/\/www.paieconseilssolution.fr\/\"><img loading=\"lazy\" decoding=\"async\" class=\"alignnone  wp-image-3243\" src=\"https:\/\/vedas-endurance.fr\/wp-content\/uploads\/2026\/01\/PCS-logo-Fond-Clair-S-2-300x62.jpg\" alt=\"\" width=\"285\" height=\"59\" srcset=\"https:\/\/vedas-endurance.fr\/wp-content\/uploads\/2026\/01\/PCS-logo-Fond-Clair-S-2-300x62.jpg 300w, https:\/\/vedas-endurance.fr\/wp-content\/uploads\/2026\/01\/PCS-logo-Fond-Clair-S-2-768x159.jpg 768w, https:\/\/vedas-endurance.fr\/wp-content\/uploads\/2026\/01\/PCS-logo-Fond-Clair-S-2.jpg 789w\" sizes=\"auto, (max-width: 285px) 100vw, 285px\" \/><\/a><a href=\"https:\/\/transports-brel.fr\/\"><img loading=\"lazy\" decoding=\"async\" class=\"alignnone  wp-image-3230\" src=\"https:\/\/vedas-endurance.fr\/wp-content\/uploads\/2026\/01\/image-5-244x300.png\" alt=\"\" width=\"124\" height=\"152\" srcset=\"https:\/\/vedas-endurance.fr\/wp-content\/uploads\/2026\/01\/image-5-244x300.png 244w, https:\/\/vedas-endurance.fr\/wp-content\/uploads\/2026\/01\/image-5.png 397w\" sizes=\"auto, (max-width: 124px) 100vw, 124px\" \/> \u00a0<\/a><a href=\"https:\/\/www.facebook.com\/people\/LA-FAMILLE-RESTAURANT\/61553888304237\/\"><img loading=\"lazy\" decoding=\"async\" class=\"alignnone wp-image-3229\" src=\"https:\/\/vedas-endurance.fr\/wp-content\/uploads\/2026\/01\/image-4-284x300.png\" alt=\"\" width=\"128\" height=\"136\" \/><\/a><a href=\"https:\/\/www.decathlon.fr\/store-view\/magasin-de-sports-montpellier-saint-jean-de-vedas-0070004500045\"><img loading=\"lazy\" decoding=\"async\" class=\"wp-image-3310 alignleft\" src=\"https:\/\/vedas-endurance.fr\/wp-content\/uploads\/2026\/02\/image-1-300x229.png\" alt=\"\" width=\"188\" height=\"144\" srcset=\"https:\/\/vedas-endurance.fr\/wp-content\/uploads\/2026\/02\/image-1-300x229.png 300w, https:\/\/vedas-endurance.fr\/wp-content\/uploads\/2026\/02\/image-1.png 766w\" sizes=\"auto, (max-width: 188px) 100vw, 188px\" \/><\/a><\/p>\n\n\n<div class=\"wp-block-columns is-layout-flex wp-container-core-columns-is-layout-9d6595d7 wp-block-columns-is-layout-flex\">\n<div class=\"wp-block-column is-layout-flow wp-block-column-is-layout-flow\"><div class=\"wp-block-image\">\n<figure class=\"aligncenter size-large is-resized\"><a href=\"https:\/\/www.d-pro.fr\/montpellier-diagnostics-immobiliers-34\/\"><img loading=\"lazy\" decoding=\"async\" width=\"1024\" height=\"482\" src=\"https:\/\/vedas-endurance.fr\/wp-content\/uploads\/2026\/02\/logo-DPRO-2-1024x482.jpg\" alt=\"\" class=\"wp-image-3373\" style=\"width:153px;height:auto\" srcset=\"https:\/\/vedas-endurance.fr\/wp-content\/uploads\/2026\/02\/logo-DPRO-2-1024x482.jpg 1024w, https:\/\/vedas-endurance.fr\/wp-content\/uploads\/2026\/02\/logo-DPRO-2-300x141.jpg 300w, https:\/\/vedas-endurance.fr\/wp-content\/uploads\/2026\/02\/logo-DPRO-2-768x362.jpg 768w, https:\/\/vedas-endurance.fr\/wp-content\/uploads\/2026\/02\/logo-DPRO-2-1536x724.jpg 1536w, https:\/\/vedas-endurance.fr\/wp-content\/uploads\/2026\/02\/logo-DPRO-2-2048x965.jpg 2048w, https:\/\/vedas-endurance.fr\/wp-content\/uploads\/2026\/02\/logo-DPRO-2-1232x580.jpg 1232w, https:\/\/vedas-endurance.fr\/wp-content\/uploads\/2026\/02\/logo-DPRO-2-1920x905.jpg 1920w\" sizes=\"auto, (max-width: 1024px) 100vw, 1024px\" \/><\/a><\/figure>\n<\/div><\/div>\n\n\n\n<div class=\"wp-block-column is-layout-flow wp-block-column-is-layout-flow\"><\/div>\n<\/div>\n\n\n\n<p class=\"has-text-align-center\">Avec le soutien de la ville de Saint-Jean-de-V\u00e9das et la radio RTS<\/p>\n\n\n\n<figure class=\"wp-block-table aligncenter is-style-stripes\"><table><tbody><tr><td class=\"has-text-align-center\" data-align=\"center\"><a href=\"https:\/\/www.saintjeandevedas.fr\/\" data-type=\"link\" data-id=\"https:\/\/www.saintjeandevedas.fr\/\"><img decoding=\"async\" src=\"https:\/\/vedas-endurance.fr\/wp-content\/uploads\/2023\/02\/stjean.png\" alt=\"\"><\/a><\/td><td class=\"has-text-align-center\" data-align=\"center\"><\/td><\/tr><\/tbody><\/table><\/figure>\n\n\n\n<p class=\"has-text-align-center\">En partenariat avec l&rsquo;association:<\/p>\n\n\n<div class=\"wp-block-image\">\n<figure class=\"aligncenter size-full\"><a href=\"https:\/\/www.clownhopital.org\/\"><img loading=\"lazy\" decoding=\"async\" width=\"201\" height=\"333\" src=\"https:\/\/vedas-endurance.fr\/wp-content\/uploads\/2024\/02\/clows.png\" alt=\"\" class=\"wp-image-1296\" srcset=\"https:\/\/vedas-endurance.fr\/wp-content\/uploads\/2024\/02\/clows.png 201w, https:\/\/vedas-endurance.fr\/wp-content\/uploads\/2024\/02\/clows-181x300.png 181w\" sizes=\"auto, (max-width: 201px) 100vw, 201px\" \/><\/a><\/figure>\n<\/div>","protected":false},"excerpt":{"rendered":"<p>Ils nous accompagnent cette saison et gr\u00e2ce \u00e0 eux nous pouvons vivre et faire vivre notre passion du sport. Nous les remercions tous pour leur confiance et leur fid\u00e9lit\u00e9. Pour mieux les conna\u00eetre, cliquez sur le logo \u00a0 \u00a0 \u00a0 \u00a0 \u00a0 \u00a0 \u00a0 \u00a0\u00a0 \u00a0 \u00a0 \u00a0 \u00a0 \u00a0 \u00a0 \u00a0 \u00a0 Avec le&nbsp;&hellip;<\/p>\n","protected":false},"author":1,"featured_media":0,"parent":0,"menu_order":8,"comment_status":"closed","ping_status":"closed","template":"","meta":{"footnotes":""},"class_list":["post-60","page","type-page","status-publish","hentry"],"_links":{"self":[{"href":"https:\/\/vedas-endurance.fr\/index.php\/wp-json\/wp\/v2\/pages\/60","targetHints":{"allow":["GET"]}}],"collection":[{"href":"https:\/\/vedas-endurance.fr\/index.php\/wp-json\/wp\/v2\/pages"}],"about":[{"href":"https:\/\/vedas-endurance.fr\/index.php\/wp-json\/wp\/v2\/types\/page"}],"author":[{"embeddable":true,"href":"https:\/\/vedas-endurance.fr\/index.php\/wp-json\/wp\/v2\/users\/1"}],"replies":[{"embeddable":true,"href":"https:\/\/vedas-endurance.fr\/index.php\/wp-json\/wp\/v2\/comments?post=60"}],"version-history":[{"count":64,"href":"https:\/\/vedas-endurance.fr\/index.php\/wp-json\/wp\/v2\/pages\/60\/revisions"}],"predecessor-version":[{"id":3564,"href":"https:\/\/vedas-endurance.fr\/index.php\/wp-json\/wp\/v2\/pages\/60\/revisions\/3564"}],"wp:attachment":[{"href":"https:\/\/vedas-endurance.fr\/index.php\/wp-json\/wp\/v2\/media?parent=60"}],"curies":[{"name":"wp","href":"https:\/\/api.w.org\/{rel}","templated":true}]}}