{"id":62,"date":"2022-08-08T19:19:06","date_gmt":"2022-08-08T17:19:06","guid":{"rendered":"https:\/\/vedas-endurance.fr\/?page_id=62"},"modified":"2024-10-10T22:14:53","modified_gmt":"2024-10-10T20:14:53","slug":"contact","status":"publish","type":"page","link":"https:\/\/vedas-endurance.fr\/index.php\/contact\/","title":{"rendered":"Contact"},"content":{"rendered":"\n<p>Vous souhaitez nous contacter pour un partenariat, un projet ou vous avez tout simplement besoin d\u2019informations&nbsp;?<\/p>\n\n\n<div class=\"wp-block-image\">\n<figure class=\"aligncenter size-full is-resized\"><img loading=\"lazy\" decoding=\"async\" width=\"1102\" height=\"1131\" src=\"https:\/\/vedas-endurance.fr\/wp-content\/uploads\/2024\/10\/cropped-logo-vedas-new.jpeg\" alt=\"\" class=\"wp-image-1983\" style=\"width:478px;height:auto\" srcset=\"https:\/\/vedas-endurance.fr\/wp-content\/uploads\/2024\/10\/cropped-logo-vedas-new.jpeg 1102w, https:\/\/vedas-endurance.fr\/wp-content\/uploads\/2024\/10\/cropped-logo-vedas-new-292x300.jpeg 292w, https:\/\/vedas-endurance.fr\/wp-content\/uploads\/2024\/10\/cropped-logo-vedas-new-998x1024.jpeg 998w, https:\/\/vedas-endurance.fr\/wp-content\/uploads\/2024\/10\/cropped-logo-vedas-new-768x788.jpeg 768w, https:\/\/vedas-endurance.fr\/wp-content\/uploads\/2024\/10\/cropped-logo-vedas-new-1052x1080.jpeg 1052w\" sizes=\"auto, (max-width: 1102px) 100vw, 1102px\" \/><\/figure>\n<\/div>\n\n\n<p>Vous pouvez le faire en envoyant un mail \u00e0&nbsp;: <a href=\"mailto:vedasendurance34@gmail.com\">vedasendurance34(@gmail.com<\/a>)<\/p>\n\n\n\n<p>Ou t\u00e9l\u00e9phoner \u00e0 notre pr\u00e9sident&nbsp;: 06.75.07.50.87<\/p>\n","protected":false},"excerpt":{"rendered":"<p>Vous souhaitez nous contacter pour un partenariat, un projet ou vous avez tout simplement besoin d\u2019informations&nbsp;? Vous pouvez le faire en envoyant un mail \u00e0&nbsp;: vedasendurance34(@gmail.com) Ou t\u00e9l\u00e9phoner \u00e0 notre pr\u00e9sident&nbsp;: 06.75.07.50.87<\/p>\n","protected":false},"author":1,"featured_media":0,"parent":0,"menu_order":7,"comment_status":"closed","ping_status":"closed","template":"","meta":{"footnotes":""},"class_list":["post-62","page","type-page","status-publish","hentry"],"_links":{"self":[{"href":"https:\/\/vedas-endurance.fr\/index.php\/wp-json\/wp\/v2\/pages\/62","targetHints":{"allow":["GET"]}}],"collection":[{"href":"https:\/\/vedas-endurance.fr\/index.php\/wp-json\/wp\/v2\/pages"}],"about":[{"href":"https:\/\/vedas-endurance.fr\/index.php\/wp-json\/wp\/v2\/types\/page"}],"author":[{"embeddable":true,"href":"https:\/\/vedas-endurance.fr\/index.php\/wp-json\/wp\/v2\/users\/1"}],"replies":[{"embeddable":true,"href":"https:\/\/vedas-endurance.fr\/index.php\/wp-json\/wp\/v2\/comments?post=62"}],"version-history":[{"count":4,"href":"https:\/\/vedas-endurance.fr\/index.php\/wp-json\/wp\/v2\/pages\/62\/revisions"}],"predecessor-version":[{"id":1993,"href":"https:\/\/vedas-endurance.fr\/index.php\/wp-json\/wp\/v2\/pages\/62\/revisions\/1993"}],"wp:attachment":[{"href":"https:\/\/vedas-endurance.fr\/index.php\/wp-json\/wp\/v2\/media?parent=62"}],"curies":[{"name":"wp","href":"https:\/\/api.w.org\/{rel}","templated":true}]}}