{"id":64,"date":"2022-08-08T19:27:01","date_gmt":"2022-08-08T17:27:01","guid":{"rendered":"https:\/\/vedas-endurance.fr\/?page_id=64"},"modified":"2025-09-17T08:34:30","modified_gmt":"2025-09-17T06:34:30","slug":"nous-rejoindre","status":"publish","type":"page","link":"https:\/\/vedas-endurance.fr\/index.php\/nous-rejoindre\/","title":{"rendered":"Nous rejoindre"},"content":{"rendered":"\n<p class=\"has-luminous-vivid-orange-color has-text-color has-link-color has-medium-font-size wp-elements-d9b310bab2d088fcc4069ee0b7b1f31e\"><strong>Saison 2025-2026 effectif  complet.  Nous ne pouvons plus prendre de nouveaux adh\u00e9rents<\/strong>.<\/p>\n\n\n\n<p><\/p>\n\n\n\n<p>Vous avez d\u00e9cid\u00e9 de d\u00e9buter, de reprendre, de vous perfectionner en course \u00e0 pied. &nbsp;&nbsp;&nbsp;<\/p>\n\n\n\n<p>Avant de vous inscrire venez nous retrouver pour une s\u00e9ance d\u2019essai qui vous permettra de faire connaissance.<\/p>\n\n\n\n<p>Pour l\u2019inscription  merci de suivre le lien: <a href=\"https:\/\/www.helloasso.com\/associations\/vedas-endurance\">https:\/\/www.helloasso.com\/associations\/vedas-endurance<\/a><\/p>\n\n\n\n<p>ou de suivre le Qr code:  <\/p>\n\n\n\n<figure class=\"wp-block-image size-full\"><img loading=\"lazy\" decoding=\"async\" width=\"516\" height=\"517\" src=\"https:\/\/vedas-endurance.fr\/wp-content\/uploads\/2024\/09\/image-1.png\" alt=\"\" class=\"wp-image-1859\" srcset=\"https:\/\/vedas-endurance.fr\/wp-content\/uploads\/2024\/09\/image-1.png 516w, https:\/\/vedas-endurance.fr\/wp-content\/uploads\/2024\/09\/image-1-300x300.png 300w, https:\/\/vedas-endurance.fr\/wp-content\/uploads\/2024\/09\/image-1-150x150.png 150w\" sizes=\"auto, (max-width: 516px) 100vw, 516px\" \/><\/figure>\n\n\n\n<p>Voici un exemple type du certificat m\u00e9dical \u00e0 fournir:<\/p>\n\n\n\n<div class=\"wp-block-file\"><a id=\"wp-block-file--media-acea0f3b-8ac6-4fbd-8310-f96215355f6d\" href=\"https:\/\/vedas-endurance.fr\/wp-content\/uploads\/2022\/09\/CERTIFICAT-MEDICAL-type.pdf\">CERTIFICAT-MEDICAL-type<\/a><a href=\"https:\/\/vedas-endurance.fr\/wp-content\/uploads\/2022\/09\/CERTIFICAT-MEDICAL-type.pdf\" class=\"wp-block-file__button wp-element-button\" download aria-describedby=\"wp-block-file--media-acea0f3b-8ac6-4fbd-8310-f96215355f6d\">T\u00e9l\u00e9charger<\/a><\/div>\n\n\n\n<p>Vous vous engagez \u00e0 :&nbsp;&nbsp;<\/p>\n\n\n\n<ul class=\"wp-block-list\">\n<li>Fournir un certificat m\u00e9dical de non-contre-indication de la pratique de l\u2019athl\u00e9tisme ou de la course \u00e0 pied en comp\u00e9tition de moins de 3 mois.<br><\/li>\n\n\n\n<li>Porter un gilet de s\u00e9curit\u00e9 fluorescent pour les entra\u00eenements nocturnes.<\/li>\n<\/ul>\n\n\n\n<ul class=\"wp-block-list\">\n<li>Respecter les r\u00e8gles du code de la route qui r\u00e9gissent les droits et les devoirs des pi\u00e9tons sur la chauss\u00e9e<br><br>Nos entrainements&nbsp;:<\/li>\n<\/ul>\n\n\n\n<figure class=\"wp-block-table\"><table><tbody><tr><td>&nbsp;<\/td><td>Horaires<\/td><td>Entrainement<\/td><td>Lieu de regroupement<\/td><\/tr><tr><td>Mardi<\/td><td>19h-20h<\/td><td>Travail sp\u00e9cifique\/ Footing<\/td><td>Coll\u00e8ge Louis Germain<\/td><\/tr><tr><td>Jeudi<\/td><td>19h-20h<\/td><td>Travail sp\u00e9cifique\/ Footing<\/td><td>Coll\u00e8ge Louis Germain<\/td><\/tr><tr><td>Samedi<\/td><td>9h \u2013 10h<\/td><td>VMA<\/td><td>Piste de Fabr\u00e8gues<\/td><\/tr><tr><td>Dimanche<\/td><td>Libre<\/td><td>Sortie Longue \/ Footing<\/td><td>En concertation<\/td><\/tr><\/tbody><\/table><\/figure>\n\n\n\n<p>Nos entrainements sont con\u00e7us par un coach FFA et dispens\u00e9s par nos coachs entraineurs, membres de l\u2019association. &nbsp;<\/p>\n\n\n<div class=\"wp-block-image\">\n<figure class=\"aligncenter size-full\"><img loading=\"lazy\" decoding=\"async\" width=\"424\" height=\"565\" src=\"https:\/\/vedas-endurance.fr\/wp-content\/uploads\/2022\/09\/Nousrejoindre1.jpg\" alt=\"\" class=\"wp-image-191\" srcset=\"https:\/\/vedas-endurance.fr\/wp-content\/uploads\/2022\/09\/Nousrejoindre1.jpg 424w, https:\/\/vedas-endurance.fr\/wp-content\/uploads\/2022\/09\/Nousrejoindre1-225x300.jpg 225w\" sizes=\"auto, (max-width: 424px) 100vw, 424px\" \/><\/figure>\n<\/div>\n\n<div class=\"wp-block-image\">\n<figure class=\"aligncenter size-full\"><img loading=\"lazy\" decoding=\"async\" width=\"510\" height=\"382\" src=\"https:\/\/vedas-endurance.fr\/wp-content\/uploads\/2022\/09\/Nousrejoindre2.jpg\" alt=\"\" class=\"wp-image-192\" srcset=\"https:\/\/vedas-endurance.fr\/wp-content\/uploads\/2022\/09\/Nousrejoindre2.jpg 510w, https:\/\/vedas-endurance.fr\/wp-content\/uploads\/2022\/09\/Nousrejoindre2-300x225.jpg 300w\" sizes=\"auto, (max-width: 510px) 100vw, 510px\" \/><\/figure>\n<\/div>","protected":false},"excerpt":{"rendered":"<p>Saison 2025-2026 effectif complet. Nous ne pouvons plus prendre de nouveaux adh\u00e9rents. Vous avez d\u00e9cid\u00e9 de d\u00e9buter, de reprendre, de vous perfectionner en course \u00e0 pied. &nbsp;&nbsp;&nbsp; Avant de vous inscrire venez nous retrouver pour une s\u00e9ance d\u2019essai qui vous permettra de faire connaissance. Pour l\u2019inscription merci de suivre le lien: https:\/\/www.helloasso.com\/associations\/vedas-endurance ou de suivre&nbsp;&hellip;<\/p>\n","protected":false},"author":1,"featured_media":0,"parent":0,"menu_order":6,"comment_status":"closed","ping_status":"closed","template":"","meta":{"footnotes":""},"class_list":["post-64","page","type-page","status-publish","hentry"],"_links":{"self":[{"href":"https:\/\/vedas-endurance.fr\/index.php\/wp-json\/wp\/v2\/pages\/64","targetHints":{"allow":["GET"]}}],"collection":[{"href":"https:\/\/vedas-endurance.fr\/index.php\/wp-json\/wp\/v2\/pages"}],"about":[{"href":"https:\/\/vedas-endurance.fr\/index.php\/wp-json\/wp\/v2\/types\/page"}],"author":[{"embeddable":true,"href":"https:\/\/vedas-endurance.fr\/index.php\/wp-json\/wp\/v2\/users\/1"}],"replies":[{"embeddable":true,"href":"https:\/\/vedas-endurance.fr\/index.php\/wp-json\/wp\/v2\/comments?post=64"}],"version-history":[{"count":16,"href":"https:\/\/vedas-endurance.fr\/index.php\/wp-json\/wp\/v2\/pages\/64\/revisions"}],"predecessor-version":[{"id":2820,"href":"https:\/\/vedas-endurance.fr\/index.php\/wp-json\/wp\/v2\/pages\/64\/revisions\/2820"}],"wp:attachment":[{"href":"https:\/\/vedas-endurance.fr\/index.php\/wp-json\/wp\/v2\/media?parent=64"}],"curies":[{"name":"wp","href":"https:\/\/api.w.org\/{rel}","templated":true}]}}