{"id":874,"date":"2023-09-16T19:18:40","date_gmt":"2023-09-16T17:18:40","guid":{"rendered":"https:\/\/vedas-endurance.fr\/?page_id=874"},"modified":"2023-10-17T18:59:57","modified_gmt":"2023-10-17T16:59:57","slug":"3-la-recuperation","status":"publish","type":"page","link":"https:\/\/vedas-endurance.fr\/index.php\/3-la-recuperation\/","title":{"rendered":"3\/ La r\u00e9cup\u00e9ration"},"content":{"rendered":"\n<p>La r\u00e9cup\u00e9ration est partie int\u00e9grante de l&rsquo;entra\u00eenement. C&rsquo;est pendant cette phase que se d\u00e9veloppe la condition physique, davantage que pendant l&rsquo;effort.<\/p>\n\n\n\n<p>R\u00e9cup\u00e9rer, c&rsquo;est donner \u00e0 notre organisme le temps n\u00e9cessaire de r\u00e9parer les d\u00e9g\u00e2ts caus\u00e9s par l&rsquo;exercice, nettoyer les toxines, remplacer les cellules endommag\u00e9es, r\u00e9g\u00e9n\u00e9rer le syst\u00e8me immunitaire&#8230;etc, et consolider les zones qui ont \u00e9t\u00e9 fragilis\u00e9es pendant l&rsquo;effort afin de nous rendre plus forts pour notre prochaine sortie.<\/p>\n\n\n\n<p>Mieux vaut une alternance de s\u00e9ances de qualit\u00e9 et de jours de repos qu&rsquo;une boulimie d&rsquo;exercices successifs qui conduisent in\u00e9luctablement \u00e0 une fatigue g\u00e9n\u00e9rale, voire \u00e0 la rupture de notre maillon le plus faible et \u00e0 la blessure.<\/p>\n\n\n\n<p>Une s\u00e9ance de vitesse ou une s\u00e9ance longue d&rsquo;endurance doit toujours \u00eatre suivie d&rsquo;un jour de repos, ou \u00e9ventuellement d&rsquo;une activit\u00e9 alternative douce (marche,v\u00e9lo en plat, natation).<\/p>\n\n\n\n<p>Tous les comp\u00e9titeurs savent qu&rsquo;il vaut mieux se pr\u00e9senter sur la ligne de d\u00e9part l\u00e9g\u00e8rement sous entra\u00een\u00e9 qu&rsquo;en manque de r\u00e9cup\u00e9ration.<\/p>\n","protected":false},"excerpt":{"rendered":"<p>La r\u00e9cup\u00e9ration est partie int\u00e9grante de l&rsquo;entra\u00eenement. C&rsquo;est pendant cette phase que se d\u00e9veloppe la condition physique, davantage que pendant l&rsquo;effort. R\u00e9cup\u00e9rer, c&rsquo;est donner \u00e0 notre organisme le temps n\u00e9cessaire de r\u00e9parer les d\u00e9g\u00e2ts caus\u00e9s par l&rsquo;exercice, nettoyer les toxines, remplacer les cellules endommag\u00e9es, r\u00e9g\u00e9n\u00e9rer le syst\u00e8me immunitaire&#8230;etc, et consolider les zones qui ont \u00e9t\u00e9&nbsp;&hellip;<\/p>\n","protected":false},"author":1,"featured_media":0,"parent":0,"menu_order":0,"comment_status":"closed","ping_status":"closed","template":"","meta":{"footnotes":""},"class_list":["post-874","page","type-page","status-publish","hentry"],"_links":{"self":[{"href":"https:\/\/vedas-endurance.fr\/index.php\/wp-json\/wp\/v2\/pages\/874","targetHints":{"allow":["GET"]}}],"collection":[{"href":"https:\/\/vedas-endurance.fr\/index.php\/wp-json\/wp\/v2\/pages"}],"about":[{"href":"https:\/\/vedas-endurance.fr\/index.php\/wp-json\/wp\/v2\/types\/page"}],"author":[{"embeddable":true,"href":"https:\/\/vedas-endurance.fr\/index.php\/wp-json\/wp\/v2\/users\/1"}],"replies":[{"embeddable":true,"href":"https:\/\/vedas-endurance.fr\/index.php\/wp-json\/wp\/v2\/comments?post=874"}],"version-history":[{"count":1,"href":"https:\/\/vedas-endurance.fr\/index.php\/wp-json\/wp\/v2\/pages\/874\/revisions"}],"predecessor-version":[{"id":876,"href":"https:\/\/vedas-endurance.fr\/index.php\/wp-json\/wp\/v2\/pages\/874\/revisions\/876"}],"wp:attachment":[{"href":"https:\/\/vedas-endurance.fr\/index.php\/wp-json\/wp\/v2\/media?parent=874"}],"curies":[{"name":"wp","href":"https:\/\/api.w.org\/{rel}","templated":true}]}}